{"id":130,"date":"2022-10-23T14:36:20","date_gmt":"2022-10-23T17:36:20","guid":{"rendered":"https:\/\/amseparkinson.com.br\/?page_id=130"},"modified":"2022-10-23T14:36:20","modified_gmt":"2022-10-23T17:36:20","slug":"3-coisinhas-que-voce-precisa-saber-sobre-sites","status":"publish","type":"page","link":"https:\/\/amseparkinson.com.br\/index.php\/3-coisinhas-que-voce-precisa-saber-sobre-sites\/","title":{"rendered":"3 Coisinhas que voc\u00ea precisa saber sobre sites"},"content":{"rendered":"<p>[vc_row][vc_column][vc_column_text]<strong>Para aquelas pessoas que n\u00e3o sabem a sequ\u00eancia de a\u00e7\u00f5es para que um site ou qualquer imagem, servi\u00e7o, produto, chegue at\u00e9 a tela de seu computador ou celular, vamos explicar um pouquinho aqui&#8230;<\/strong><\/p>\n<p>Muito importante \u00e9 ter consci\u00eancia de que tudo, absolutamente tudo \u00e9 pago. Nada \u00e9 gratuito! Quando algum site, servi\u00e7o, informa que voc\u00ea receber\u00e1 algo gratuitamente \u00e9 porque algu\u00e9m est\u00e1 pagando de alguma outra forma ou, o que mais acontece, voc\u00ea realmente tem acesso a algo gratuito, por\u00e9m limitado. Voc\u00ea n\u00e3o ter\u00e1 acesso a recursos melhores se n\u00e3o pagar a partir daquele ponto. Assim, ferramentas, espa\u00e7o, acesso, velocidade de carregamento&#8230; Enfim, o gratuito serve para atrair clientes. Se precisar fazer algo s\u00e9rio, profissional e entregar uma experi\u00eancia para os navegantes que chegarem ao seu site, precisar\u00e1 investir e n\u00e3o ser\u00e1 barato isto.<br \/>\nUm site \u00e9 como uma casa. Tem toda uma arquitetura e engenharia envolvida para que voc\u00ea receba informa\u00e7\u00f5es, servi\u00e7os e produtos na tela de seu computador, tablet ou celular.<br \/>\nSites tem registro de propriedade, como a escritura de seu terreno. \u00c9 poss\u00edvel saber quem \u00e9 o dono, tudo \u00e9 p\u00fablico, como em um cart\u00f3rio.<br \/>\nVejamos ent\u00e3o uma parte deste caminho.<br \/>\nPrimeira coisa. Adquirir um dom\u00ednio (o nome do site, este endere\u00e7o que voc\u00ea digita ap\u00f3s o https:\/\/www.) ele \u00e9 \u00fanico, n\u00e3o existir\u00e1 2 exatamente iguais. O \u00e9 diferente s\u00e3o as extens\u00f5es (.com, .com.br, .net, e milhares de extens\u00f5es) o ideal \u00e9 adquirir o .com e o .com.br, no caso nosso que somos do Brasil. O ponto com \u00e9 como se fosse o ingl\u00eas, \u00e9 universal e falado em toda parte do planeta e o ponto com ponto br, \u00e9 como se fosse a l\u00edngua de nosso pa\u00eds. Cada pa\u00eds do planeta tem sua pr\u00f3pria extens\u00e3o.<br \/>\nEnt\u00e3o recapitulando, cada dom\u00ednio que registrarmos teremos que pagar anualmente para utilizar. S\u00f3 somos donos daquele dom\u00ednio at\u00e9 vencer o prazo pago.<br \/>\nO Dom\u00ednio \u00e9 o nome que voc\u00ea d\u00e1 para o projeto de sua casa.<br \/>\nSegunda coisa. Este dom\u00ednio para funcionar precisa de uma hospedagem, um hotel que vai disponibilizar centenas de ferramentas de seguran\u00e7a para proteger o funcionamento do site e as informa\u00e7\u00f5es de pessoas que utilizam o site e muito mais, de velocidade, de espa\u00e7o para construir o site, um banco de dados para que o site guarde as informa\u00e7\u00f5es geradas pelo site e assim sucessivamente. Tamb\u00e9m pago e s\u00f3 poderemos deixar nosso dom\u00ednio hospedado l\u00e1 enquanto pagar.<br \/>\nA Hospedagem \u00e9 como o terreno para da sua casa, aonde j\u00e1 vem com as ferramentas ou os meios para voc\u00ea acrescentar novas e melhores ferramentas que ser\u00e3o utilizadas na constru\u00e7\u00e3o.<br \/>\nTerceira coisa. Agora precisaremos de um projeto da casa. A\u00ed entra o arquiteto ou designer gr\u00e1fico, designer web (criar\u00e3o imagens e a formata\u00e7\u00e3o do site), o publicit\u00e1rio ou jornalista, que criar\u00e1 os textos, o Back and, profissional (\u00e9 um engenheiro) que criar\u00e1 os c\u00f3digos que ficar\u00e3o entre os textos e imagens e permitir\u00e3o que tudo que est\u00e1 sendo desenvolvido pelo arquiteto apare\u00e7a para voc\u00ea. O Front and, profissional que interpretar\u00e1 o projeto e converter\u00e1 no formato previsto pelo arquiteto (designers), s\u00e3o como os oficiais de um canteiro de obras, eletricistas, assentador cer\u00e2mico, pintor, encanador&#8230;<br \/>\nEm um site que tem mais que algumas imagens e texto, muitas vezes precisar\u00e1 de alguns softwares que entregar\u00e3o um servi\u00e7o ou experi\u00eancia para o internauta. \u00c9 como ter uma sauna, piscina, elevador panor\u00e2mico, play ground, c\u00e2meras de seguran\u00e7a, alarmes&#8230; em sua nova casa, tudo \u00e9 pago separado. E, claro, tudo isto para se manter funcionando \u00e9 preciso de manuten\u00e7\u00e3o preventiva e de corre\u00e7\u00e3o quando algo mais grave ocorrer, e que n\u00e3o \u00e9 raro acontecer. Muito pelo contr\u00e1rio, \u00e9 preciso ter algu\u00e9m respons\u00e1vel por estas a\u00e7\u00f5es 24\/7.<br \/>\nPortanto, para voc\u00ea estar vendo esta p\u00e1gina agora, a maioria do que foi descrito acima j\u00e1 est\u00e1 sendo realizado e sendo pago.[\/vc_column_text][\/vc_column][\/vc_row]<\/p>\n","protected":false},"excerpt":{"rendered":"<p>[vc_row][vc_column][vc_column_text]Para aquelas pessoas que n\u00e3o sabem a sequ\u00eancia de a\u00e7\u00f5es para que um site ou qualquer imagem, servi\u00e7o, produto, chegue at\u00e9 a tela de seu computador ou celular, vamos explicar um pouquinho aqui&#8230; Muito importante \u00e9 ter consci\u00eancia de que tudo, absolutamente tudo \u00e9 pago. Nada \u00e9 gratuito! Quando algum site, servi\u00e7o, informa que voc\u00ea [&hellip;]<\/p>\n","protected":false},"author":1,"featured_media":0,"parent":0,"menu_order":0,"comment_status":"closed","ping_status":"closed","template":"","meta":{"om_disable_all_campaigns":false,"_monsterinsights_skip_tracking":false,"_monsterinsights_sitenote_active":false,"_monsterinsights_sitenote_note":"","_monsterinsights_sitenote_category":0,"footnotes":""},"class_list":["post-130","page","type-page","status-publish"],"aioseo_notices":[],"_links":{"self":[{"href":"https:\/\/amseparkinson.com.br\/index.php\/wp-json\/wp\/v2\/pages\/130","targetHints":{"allow":["GET"]}}],"collection":[{"href":"https:\/\/amseparkinson.com.br\/index.php\/wp-json\/wp\/v2\/pages"}],"about":[{"href":"https:\/\/amseparkinson.com.br\/index.php\/wp-json\/wp\/v2\/types\/page"}],"author":[{"embeddable":true,"href":"https:\/\/amseparkinson.com.br\/index.php\/wp-json\/wp\/v2\/users\/1"}],"replies":[{"embeddable":true,"href":"https:\/\/amseparkinson.com.br\/index.php\/wp-json\/wp\/v2\/comments?post=130"}],"version-history":[{"count":1,"href":"https:\/\/amseparkinson.com.br\/index.php\/wp-json\/wp\/v2\/pages\/130\/revisions"}],"predecessor-version":[{"id":131,"href":"https:\/\/amseparkinson.com.br\/index.php\/wp-json\/wp\/v2\/pages\/130\/revisions\/131"}],"wp:attachment":[{"href":"https:\/\/amseparkinson.com.br\/index.php\/wp-json\/wp\/v2\/media?parent=130"}],"curies":[{"name":"wp","href":"https:\/\/api.w.org\/{rel}","templated":true}]}}