{"id":142,"date":"2022-10-23T15:02:16","date_gmt":"2022-10-23T18:02:16","guid":{"rendered":"https:\/\/amseparkinson.com.br\/?page_id=142"},"modified":"2022-10-24T13:30:13","modified_gmt":"2022-10-24T16:30:13","slug":"a-m-s-i-see-i-help-trata-de-voce-de-nos","status":"publish","type":"page","link":"https:\/\/amseparkinson.com.br\/index.php\/a-m-s-i-see-i-help-trata-de-voce-de-nos\/","title":{"rendered":"A.M.S. \u2013 I See I Help, trata de voc\u00ea, de n\u00f3s!"},"content":{"rendered":"<p>Certamente voc\u00ea j\u00e1 ouviu falar ou conheceu pessoas com Parkinson ou Alzheimer, A.M.S., Shy-Drager, Ela, Huntington e outras neuropatias e ouvir\u00e1 cada dia mais. Estas doen\u00e7as est\u00e3o multiplicando silenciosamente por todo o planeta, atingindo pessoas cada vez mais jovens. Quem ser\u00e1 o pr\u00f3ximo? Estas degenera\u00e7\u00f5es, s\u00e3o como uma roleta russa onde todos n\u00f3s estamos com nossas cabe\u00e7as na mira.<\/p>\n<p>Bilh\u00f5es de pessoas em todo o mundo j\u00e1 apresentam sintomas e elas nem imaginam, porque desconhecem os sinais.<br \/>\nQueremos sua ajuda para criar o maior banco de informa\u00e7\u00f5es sobre estas e outras neuropatias, que poder\u00e1 ajudar voc\u00ea, familiares ou amigos a organizarem a sa\u00fade para lidar ou evitarem passarem por algo t\u00e3o terr\u00edvel como uma destas patologias.<\/p>\n<p>Clique neste link abaixo, depois em PARTICIPE, na pr\u00f3xima p\u00e1gina que vai abrir digite o valor que deseja doar OU ESCOLHA ENTRE 2 SUGEST\u00d5ES, depois role a p\u00e1gina at\u00e9 o final e clique em CONTINUAR, Na pr\u00f3xima escolha a forma que deseja pagar e preencha as informa\u00e7\u00f5es solicitadas e vai seguindo as instru\u00e7\u00f5es. Para fazer sua doa\u00e7\u00e3o estar\u00e1 em ambiente seguro em que suas informa\u00e7\u00f5es de pagamento ningu\u00e9m tem acesso, s\u00e3o confidenciais. Agradecemos sua confian\u00e7a e a honraremos mantendo voc\u00ea informado de nossos avan\u00e7os.<\/p>\n<p><a href=\"https:\/\/www.kickante.com.br\/financiamento-coletivo\/ams-and-parkinson-i-see-i-help\/pagamento\">https:\/\/www.kickante.com.br\/financiamento-coletivo\/ams-and-parkinson-i-see-i-help<\/a><\/p>\n<p>Nos ajude doando, qualquer valor que esteja ao seu alcance hoje. Nos ajude a nos preocupar com seu futuro, o futuro de seus filhos e netos enquanto voc\u00ea continua suas lutas di\u00e1rias. Um pequeno gesto hoje, pode significar o direito de usufruir de tudo que lutou para conquistar ou mesmo a economia de milhares de reais no futuro.<br \/>\nDoe, compartilhe nosso site v\u00eddeo, engaje nesta causa.<\/p>\n<p>Com sua ajuda poderemos alimentar <a href=\"https:\/\/amseparkinson.com.br\/\">www.amseparkinson.com.br<\/a> com tudo que voc\u00ea precisa saber para uma visa saud\u00e1vel.<\/p>\n","protected":false},"excerpt":{"rendered":"<p>Certamente voc\u00ea j\u00e1 ouviu falar ou conheceu pessoas com Parkinson ou Alzheimer, A.M.S., Shy-Drager, Ela, Huntington e outras neuropatias e ouvir\u00e1 cada dia mais. Estas doen\u00e7as est\u00e3o multiplicando silenciosamente por todo o planeta, atingindo pessoas cada vez mais jovens. Quem ser\u00e1 o pr\u00f3ximo? Estas degenera\u00e7\u00f5es, s\u00e3o como uma roleta russa onde todos n\u00f3s estamos com [&hellip;]<\/p>\n","protected":false},"author":1,"featured_media":0,"parent":0,"menu_order":0,"comment_status":"closed","ping_status":"closed","template":"","meta":{"om_disable_all_campaigns":false,"_monsterinsights_skip_tracking":false,"_monsterinsights_sitenote_active":false,"_monsterinsights_sitenote_note":"","_monsterinsights_sitenote_category":0,"footnotes":""},"class_list":["post-142","page","type-page","status-publish"],"aioseo_notices":[],"_links":{"self":[{"href":"https:\/\/amseparkinson.com.br\/index.php\/wp-json\/wp\/v2\/pages\/142","targetHints":{"allow":["GET"]}}],"collection":[{"href":"https:\/\/amseparkinson.com.br\/index.php\/wp-json\/wp\/v2\/pages"}],"about":[{"href":"https:\/\/amseparkinson.com.br\/index.php\/wp-json\/wp\/v2\/types\/page"}],"author":[{"embeddable":true,"href":"https:\/\/amseparkinson.com.br\/index.php\/wp-json\/wp\/v2\/users\/1"}],"replies":[{"embeddable":true,"href":"https:\/\/amseparkinson.com.br\/index.php\/wp-json\/wp\/v2\/comments?post=142"}],"version-history":[{"count":3,"href":"https:\/\/amseparkinson.com.br\/index.php\/wp-json\/wp\/v2\/pages\/142\/revisions"}],"predecessor-version":[{"id":174,"href":"https:\/\/amseparkinson.com.br\/index.php\/wp-json\/wp\/v2\/pages\/142\/revisions\/174"}],"wp:attachment":[{"href":"https:\/\/amseparkinson.com.br\/index.php\/wp-json\/wp\/v2\/media?parent=142"}],"curies":[{"name":"wp","href":"https:\/\/api.w.org\/{rel}","templated":true}]}}